{"id":443,"date":"2016-11-06T01:02:01","date_gmt":"2016-11-05T23:02:01","guid":{"rendered":"http:\/\/www.maxpabel.de\/?page_id=443"},"modified":"2025-05-24T08:05:34","modified_gmt":"2025-05-24T06:05:34","slug":"gute-software","status":"publish","type":"page","link":"https:\/\/maxpabel.de\/?page_id=443","title":{"rendered":"Software-Tipps"},"content":{"rendered":"<p>Im folgenden findet sich eine Reihe von hilfreichen Programmen,<br \/>\nwelche in der allt\u00e4glichen Nutzung von Computern eine merkliche Erleichterung von Arbeitsabl\u00e4ufen hervorrufen k\u00f6nnen.<br \/>\nDie hier verlinkten Programme sind gr\u00f6\u00dftenteils kostenfrei, k\u00f6nnen jedoch in den Installationspaketen weitere Software enthalten.<br \/>\nAuf den Inhalt der verlinkten Seiten sowie die dort zum Download angebotene Software inklusive aller verbundenen Zusatzprogramme habe ich keinen Einfluss.<\/p>\n<p>Diese Zusammenstellung dient lediglich als Gedankenanreiz, um Ihnen eventuell bei kleinen\u00a0 Alltagsproblemen &#8222;auf die Spr\u00fcnge&#8220; zu helfen.<br \/>\nIch \u00fcbernehme keine Haftung f\u00fcr m\u00f6glicherweise entstehende Probleme, Sch\u00e4den oder Kosten,<br \/>\nwelche durch Download, Installation oder Benutzung eines der hier verlinkten Programme bei Ihnen entstehen. DIe Verantwortung liegt vollumf\u00e4nglich bei Ihnen.<\/p>\n<p><a href=\"http:\/\/www.piriform.com\/ccleaner\" target=\"_blank\" rel=\"noopener noreferrer\"><strong>CCleaner<\/strong><\/a>: Programm zum Bereinigen von PCs<\/p>\n<p><a href=\"https:\/\/notepad-plus-plus.org\/\" target=\"_blank\" rel=\"noopener noreferrer\"><strong>Notepad++<\/strong><\/a>:\u00a0 SourceCode Editor und Notepad-Ersatz mit Syntax Highlighting<\/p>\n<p><a href=\"http:\/\/winmerge.org\/?lang=de\" target=\"_blank\" rel=\"noopener noreferrer\"><strong>WinMerge<\/strong><\/a>: Vergleich von Textdateien, Ordnern, uvm.<\/p>\n<p><a href=\"http:\/\/getgreenshot.org\/downloads\/\" target=\"_blank\" rel=\"noopener noreferrer\"><strong>GreenShot<\/strong><\/a>: leistungsstarke Alternative zum Windows Snipping-Tool<\/p>\n<p><a href=\"http:\/\/www.compukoeln.de\/compudms\/compudms-free.html\" target=\"_blank\" rel=\"noopener noreferrer\"><strong>CompuDMS<\/strong><\/a>: Kostenfreies Dokumentenmanagementsystem zur komfortablen Dokumentenablage<\/p>\n<p><a href=\"http:\/\/www.pandasecurity.com\/uk\/homeusers\/solutions\/free-antivirus\/\" target=\"_blank\" rel=\"noopener noreferrer\"><strong>Panda Antivirus<\/strong><\/a>: Umfassende Sicherheitssoftware, je nach Umfang auch kostenfrei erh\u00e4ltlich<\/p>\n<p><a href=\"http:\/\/www.cgsecurity.org\/wiki\/TestDisk_DE\" target=\"_blank\" rel=\"noopener noreferrer\"><strong>TestDisk<\/strong><\/a>: Software zur Datenrettung<\/p>\n<p><a href=\"http:\/\/www.piriform.com\/recuva\" target=\"_blank\" rel=\"noopener noreferrer\"><strong>Recuva<\/strong><\/a>: Software zur Datenrettung<\/p>\n<p><a href=\"http:\/\/www.openmediavault.org\/\" target=\"_blank\" rel=\"noopener noreferrer\"><strong>OpenMediaVault<\/strong><\/a>: WebGUI f\u00fcr Debian-basierten NAS mit zahlreichen Erweiterungsm\u00f6glichkeiten<\/p>\n<p><a href=\"http:\/\/www.audacityteam.org\/\" target=\"_blank\" rel=\"noopener noreferrer\"><strong>Audacity<\/strong><\/a>: Kostenlose Audioschnitt \/ -bearbeitungssoftware<\/p>\n<p><a href=\"http:\/\/implbits.com\/products\/hashtab\/\" target=\"_blank\" rel=\"noopener noreferrer\"><strong>HashTab<\/strong><\/a>: Programm zur Berechnung von Pr\u00fcfsummen<\/p>\n<p><a href=\"http:\/\/metatogger.de.uptodown.com\/windows\" target=\"_blank\" rel=\"noopener noreferrer\"><strong>Metatogger<\/strong><\/a>: Bearbeitung von Tags in Audiodateien<\/p>\n<p><strong><a href=\"http:\/\/www.pdfsam.org\/\" target=\"_blank\" rel=\"noopener noreferrer\">PDFsam<\/a><\/strong>: Zerteilen &amp; Zusammenf\u00fcgen von PDF-Dateien<\/p>\n<p><a href=\"http:\/\/www.putty.org\/\" target=\"_blank\" rel=\"noopener noreferrer\"><strong>PuTTY<\/strong><\/a>: SSH \/ Telnet \/ Serial \/ &#8230; Client<\/p>\n<p><a href=\"http:\/\/www.advanced-ip-scanner.com\/de\/\" target=\"_blank\" rel=\"noopener noreferrer\"><strong>Advanced IP Scanner<\/strong><\/a>: Ger\u00e4te in IP-Netzwerken finden<\/p>\n<p><strong><a href=\"https:\/\/www.acrylicwifi.com\/de\" target=\"_blank\" rel=\"noopener noreferrer\">Acrylic WiFi<\/a><\/strong>: Analyse-Tool f\u00fcr WLAN Netzwerke<\/p>\n<p><strong><a href=\"https:\/\/www.zabbix.com\/\" target=\"_blank\" rel=\"noopener noreferrer\">Zabbix<\/a>:\u00a0<\/strong>Universeller Allesk\u00f6nner f\u00fcrs Netzwerkmonitoring<\/p>\n<p><a href=\"https:\/\/openwrt.org\/\" target=\"_blank\" rel=\"noopener noreferrer\"><strong>OpenWRT<\/strong><\/a>: Alternative Firmware f\u00fcr viele Netzwerkkomponenten<\/p>\n<p><a href=\"http:\/\/dia-installer.de\/index.html.de\" target=\"_blank\" rel=\"noopener noreferrer\"><strong>Dia<\/strong><\/a>: Open Source Mindmapping-Tool mit unz\u00e4hlbaren Zusatzfunktionen &#8211; eine echte Alternative zu MS Visio<\/p>\n<p><a href=\"http:\/\/www.gnuplot.info\/\" target=\"_blank\" rel=\"noopener noreferrer\"><strong>Gnuplot<\/strong><\/a>: Einfache, skriptbasierte Erstellung von umfangreichen Diagrammmen auch aus &#8218;riesigen&#8216; Datens\u00e4tzen (*.csv)<\/p>\n<p><a href=\"http:\/\/w3.siemens.com\/powerdistribution\/global\/DE\/consultant-support\/elektroplanung-software\/Seiten\/elektroplanung-software.aspx\" target=\"_blank\" rel=\"noopener noreferrer\"><strong>Simaris design<\/strong><\/a>: Leicht zu bedienendes Projektierungstool f\u00fcr Elektroanlagen. F\u00fcr kleine Projekte sogar kostenlos.<\/p>\n<p><strong><a href=\"https:\/\/www.safer-networking.org\/de\/spybot-anti-beacon\/\" target=\"_blank\" rel=\"noopener noreferrer\">Spybot Anti-Beacon<\/a><\/strong>: Ein kleines, einfaches Programm um die Telemetriefunktionen von Windows 10 zu blockieren<\/p>\n<p><a href=\"https:\/\/de.malwarebytes.com\/adwcleaner\/\" target=\"_blank\" rel=\"noopener noreferrer\"><strong>AdwCleaner<\/strong><\/a>: Malwarebytes Adware Cleaner &#8211; Eine portable Software zum Auffinden und entfernen g\u00e4ngiger Adware<\/p>\n<p><a href=\"https:\/\/winscp.net\/eng\/docs\/lang:de\" target=\"_blank\" rel=\"noopener noreferrer\"><strong>WinSCP<\/strong><\/a>: Universeller FTP, SFTP, SCP und WebDAV Client<\/p>\n<p><a href=\"https:\/\/www.hwinfo.com\/\" target=\"_blank\" rel=\"noopener noreferrer\"><strong>HWiNFO<\/strong><\/a>: Software zum Auslesen von Hardwaredaten und zur Hardwarediagnose<\/p>\n<p><a href=\"http:\/\/www.homedev.com.au\/free\/patchcleaner\" target=\"_blank\" rel=\"noopener noreferrer\"><strong>PatchCleaner<\/strong><\/a>: Bereinigung des Windows-Installer Ordners schnell durchf\u00fchren und Speicher freigeben<\/p>\n<p><strong><a href=\"https:\/\/maxpabel.de\/wp-content\/uploads\/helu_aderkennzeichnung_din_0815.pdf\">\u00dcbersicht DIN VDE 0815<\/a><\/strong>: \u00dcbersicht zur Aderfolge und Lagenverseilung von Fernmeldeleitungen gem\u00e4\u00df DIN VDE 0815 von HELUKABEL<\/p>\n<p><a href=\"http:\/\/www.helukabel.com\/media\/publication\/de\/catalogues\/ge_1\/GE_CATALOGUE_Kabelbuch_DE.pdf\"><strong>Das Kabelb\u00fcchle<\/strong><\/a>: \u00dcbersichtliche Zusammenstellung verschiedener Leitungs- und Kabeltypen des Herstellers HELUKABEL, erg\u00e4nzt um zahlreiche Tabellen und Fachbegriffe als Nachschlagewerk<\/p>\n<p><a href=\"https:\/\/mpv.io\/\"><strong>MPV Media Player<\/strong><\/a>: Ein universeller und freier Mediaplayer zur Wiedergabe zahlreicher g\u00e4ngiger und weniger bekannter Dateiformate.<\/p>\n<p><a href=\"https:\/\/ardour.org\/\"><strong>Ardour<\/strong><\/a>: Sehr \u00fcbersichtliche und kosteng\u00fcnstige DAW-Software zum einfachen Multitrackrecording (entsprechende Interfaces vorausgesetzt)<\/p>\n<p><a href=\"https:\/\/sourceforge.net\/projects\/onvifdm\/\"><strong>ONVIF Device Manager (ODM)<\/strong><\/a>: Eine sehr \u00fcbersichtliche, herstellerunabh\u00e4ngige Software zum Auslesen von Stream-URLs und allgemeinen technischen Daten diverser IP-Kameras.<\/p>\n<p><strong><a href=\"https:\/\/shinobi.video\/\">Shinobi<\/a><\/strong>: Ein umfangreiches und \u00fcbersichtliches VMS f\u00fcr verschiedene Betriebssysteme mit Remote-Obefl\u00e4che f\u00fcr die Nutzung in Webbrowsern ohne Flash oder sonstige Plugins. Durch die Unterst\u00fctzung verschiedenster Streamformate ist die Einbindung nahezu jeder IP-Kamera oder auch ganzer NVRs m\u00f6glich.<\/p>\n<p><strong><a href=\"http:\/\/sox.sourceforge.net\/Main\/HomePage\">SoX<\/a><\/strong>: Ein leistungsstarkes Kommandozeilentool zum Konvertieren von vorhandenen Audiodateien in (nahezu) alle denkbaren Formate. Es werden auch &#8222;historische&#8220; Abtastraten und Formate unterst\u00fctzt, um zum Beispiel Audiodateien f\u00fcr TK-Anlagen, Alarmspeicher, etc. zu erstellen.<\/p>\n<p><a href=\"https:\/\/www.kicad.org\/\"><strong>KiCad<\/strong><\/a>: Ein \u00fcbersichtliches, freies und effizientes Tool zum Design von Leiterplatten. Eine gute kostenfreie Alternative zu den &#8222;gro\u00dfen&#8220; Geschwistertools wie Target, usw.<\/p>\n","protected":false},"excerpt":{"rendered":"<p>Im folgenden findet sich eine Reihe von hilfreichen Programmen, welche in der allt\u00e4glichen Nutzung von Computern eine merkliche Erleichterung von Arbeitsabl\u00e4ufen hervorrufen k\u00f6nnen. Die hier verlinkten Programme sind gr\u00f6\u00dftenteils kostenfrei, k\u00f6nnen jedoch in den Installationspaketen weitere Software enthalten. Auf den<\/p>\n","protected":false},"author":1,"featured_media":0,"parent":0,"menu_order":2,"comment_status":"closed","ping_status":"closed","template":"","meta":{"footnotes":""},"class_list":["post-443","page","type-page","status-publish","hentry"],"_links":{"self":[{"href":"https:\/\/maxpabel.de\/index.php?rest_route=\/wp\/v2\/pages\/443","targetHints":{"allow":["GET"]}}],"collection":[{"href":"https:\/\/maxpabel.de\/index.php?rest_route=\/wp\/v2\/pages"}],"about":[{"href":"https:\/\/maxpabel.de\/index.php?rest_route=\/wp\/v2\/types\/page"}],"author":[{"embeddable":true,"href":"https:\/\/maxpabel.de\/index.php?rest_route=\/wp\/v2\/users\/1"}],"replies":[{"embeddable":true,"href":"https:\/\/maxpabel.de\/index.php?rest_route=%2Fwp%2Fv2%2Fcomments&post=443"}],"version-history":[{"count":16,"href":"https:\/\/maxpabel.de\/index.php?rest_route=\/wp\/v2\/pages\/443\/revisions"}],"predecessor-version":[{"id":614,"href":"https:\/\/maxpabel.de\/index.php?rest_route=\/wp\/v2\/pages\/443\/revisions\/614"}],"wp:attachment":[{"href":"https:\/\/maxpabel.de\/index.php?rest_route=%2Fwp%2Fv2%2Fmedia&parent=443"}],"curies":[{"name":"wp","href":"https:\/\/api.w.org\/{rel}","templated":true}]}}